{"id":2891,"date":"2022-03-21T17:07:31","date_gmt":"2022-03-21T16:07:31","guid":{"rendered":"https:\/\/www.life-biolubridge.eu\/team\/"},"modified":"2026-03-13T12:07:03","modified_gmt":"2026-03-13T11:07:03","slug":"team","status":"publish","type":"page","link":"https:\/\/www.life-biolubridge.eu\/it\/team\/","title":{"rendered":"Team"},"content":{"rendered":"<div class=\"wpb-content-wrapper\"><p>[vc_row full_height=&#8221;yes&#8221; equal_height=&#8221;yes&#8221; content_placement=&#8221;middle&#8221; el_id=&#8221;Progetto&#8221;][vc_column css=&#8221;.vc_custom_1647527619163{background-color: rgba(255,255,255,0.01) !important;*background-color: rgb(255,255,255) !important;}&#8221;]<div id=\"ultimate-heading-333469e46fec55a08\" class=\"uvc-heading ult-adjust-bottom-margin ultimate-heading-333469e46fec55a08 uvc-8190 \" data-hspacer=\"no_spacer\"  data-halign=\"left\" style=\"text-align:left\"><div class=\"uvc-heading-spacer no_spacer\" style=\"top\"><\/div><div class=\"uvc-main-heading ult-responsive\"  data-ultimate-target='.uvc-heading.ultimate-heading-333469e46fec55a08 h2'  data-responsive-json-new='{\"font-size\":\"desktop:90px;mobile:60px;\",\"line-height\":\"desktop:100px;\"}' ><h2 style=\"font-weight:bold;color:#e3f2de;margin-top:0px;margin-bottom:-45;\">*TEAM<\/h2><\/div><\/div><div id=\"ultimate-heading-241769e46fec55af5\" class=\"uvc-heading ult-adjust-bottom-margin ultimate-heading-241769e46fec55af5 uvc-4129 \" data-hspacer=\"no_spacer\"  data-halign=\"left\" style=\"text-align:left\"><div class=\"uvc-heading-spacer no_spacer\" style=\"top\"><\/div><div class=\"uvc-main-heading ult-responsive\"  data-ultimate-target='.uvc-heading.ultimate-heading-241769e46fec55af5 h2'  data-responsive-json-new='{\"font-size\":\"desktop:40px;\",\"line-height\":\"\"}' ><h2 style=\"font-weight:bold;color:#63b538;margin-top:-10px;margin-bottom:30px;\">Il Consorzio<\/h2><\/div><\/div>[\/vc_column][\/vc_row][vc_row][vc_column][vc_empty_space]<div class=\"dt-fancy-separator h2-size style-disabled title-color\" style=\"width: 100%;\"><div class=\"dt-fancy-title\"><span class=\"separator-holder separator-left\"><\/span>Il team di LIFE BioLubridge \u00e8 composto da 5 partner distribuiti nell&#039;UE<span class=\"separator-holder separator-right\"><\/span><\/div><\/div>[vc_column_text]<\/p>\n<p style=\"text-align: center;\"><strong>Tutti i partner contribuiscono attivamente al progetto, assicurando il flusso di idee e risultati dei progetti alla comunit\u00e0 pi\u00f9 ampia<\/strong><\/p>\n<p>[\/vc_column_text][vc_separator color=&#8221;custom&#8221; border_width=&#8221;2&#8243; el_width=&#8221;10&#8243; accent_color=&#8221;#5cad00&#8243;][\/vc_column][\/vc_row][vc_row][vc_column width=&#8221;1\/4&#8243; css=&#8221;.vc_custom_1648033508555{margin-top: 0px !important;}&#8221;][vc_custom_heading text=&#8221;Coordinatore del Progetto&#8221; font_container=&#8221;tag:h5|text_align:center|line_height:1&#8243; use_theme_fonts=&#8221;yes&#8221;][vc_single_image image=&#8221;2427&#8243; img_size=&#8221;full&#8221; alignment=&#8221;center&#8221; onclick=&#8221;custom_link&#8221; link=&#8221;http:\/\/vitoneco.com\/&#8221;][\/vc_column][vc_column width=&#8221;3\/4&#8243;][vc_empty_space][vc_empty_space][vc_column_text css_animation=&#8221;bounceInRight&#8221;]VITONE ECO ha una consolidata esperienza nella progettazione e realizzazione di apparecchiature e nuove soluzioni tecnologiche per l&#8217;estrazione di olio e succhi dai vegetali, nonch\u00e9 nel riciclaggio dei rifiuti, disidratazione dei fanghi e trattamento delle acque reflue in genere. In LIFE-BioLubridge, VITONE ECO sar\u00e0 il coordinatore e progetter\u00e0, realizzer\u00e0, installer\u00e0 e gestir\u00e0 la parte dell&#8217;impianto pilota dedicata al recupero dei lipidi dai fanghi di depurazione e al trattamento finale dei fanghi residui da ridurre e smaltire.[\/vc_column_text][vc_separator color=&#8221;custom&#8221; align=&#8221;align_left&#8221; border_width=&#8221;2&#8243; el_width=&#8221;10&#8243; accent_color=&#8221;#5cad00&#8243;][\/vc_column][\/vc_row][vc_row][vc_column width=&#8221;1\/4&#8243;][vc_single_image image=&#8221;2429&#8243; img_size=&#8221;full&#8221; alignment=&#8221;center&#8221; onclick=&#8221;custom_link&#8221; link=&#8221;http:\/\/www.irsa.cnr.it\/index.php\/ita\/&#8221;][\/vc_column][vc_column width=&#8221;3\/4&#8243;][vc_empty_space][vc_column_text css_animation=&#8221;bounceInRight&#8221;]Il CNR-IRSA (Consiglio Nazionale delle Ricerche, Istituto Ricerca Sulle Acque) \u00e8 una societ\u00e0 pubblica<br \/>\ncentro di ricerca impegnato nello sviluppo di nuove tecnologie per il trattamento sostenibile dei fanghi di depurazione urbani. Recentemente \u00e8 stata sviluppata una tecnologia senza solventi attraverso la quale i lipidi possono essere recuperati dai fanghi di depurazione, il cui principio \u00e8 alla base del presente progetto. In questo progetto, il CNR-IRSA supporter\u00e0 VITONE ECO e CERATEC nella progettazione e gestione dell&#8217;impianto pilota. Saranno inoltre condotte determinazioni analitiche sui residui al fine di valutare appieno l&#8217;impatto ambientale della tecnologia.[\/vc_column_text][vc_separator color=&#8221;custom&#8221; align=&#8221;align_left&#8221; border_width=&#8221;2&#8243; el_width=&#8221;10&#8243; accent_color=&#8221;#5cad00&#8243;][\/vc_column][\/vc_row][vc_row][vc_column width=&#8221;1\/4&#8243;][vc_single_image image=&#8221;2430&#8243; img_size=&#8221;full&#8221; alignment=&#8221;center&#8221; onclick=&#8221;custom_link&#8221; link=&#8221;http:\/\/\/www.aqp.it\/&#8221;][\/vc_column][vc_column width=&#8221;3\/4&#8243;][vc_column_text css_animation=&#8221;bounceInRight&#8221;]AQP (Acquedotto Pugliese SpA) \u00e8 uno dei principali operatori italiani nella gestione del ciclo dell&#8217;acqua, che copre 254 comuni: l&#8217;intero territorio della Regione Puglia insieme a 12 comuni della Regione Campania. La Regione Puglia \u00e8 una delle pi\u00f9 popolate (~ 4 milioni di persone) e la seconda (19.358 km2) \u201cAmbito Territoriale Ottimale\u201d italiano \u2013 ATO, cos\u00ec come definito dalle leggi che regolano il settore idrico. AQP sviluppa attivit\u00e0 di ricerca e sviluppo, in collaborazione con altre istituzioni, aziende e universit\u00e0, in un&#8217;ampia gamma di argomenti, inclusi nuovi processi di trattamento e implementazione della gestione. A BioLubridge, AQP consentir\u00e0 l&#8217;installazione e il collaudo dell&#8217;impianto pilota in un WWTP preliminare definito, fornendo un supporto nella caratterizzazione dei fanghi di depurazione.[\/vc_column_text][vc_separator color=&#8221;custom&#8221; align=&#8221;align_left&#8221; border_width=&#8221;2&#8243; el_width=&#8221;10&#8243; accent_color=&#8221;#5cad00&#8243;][\/vc_column][\/vc_row][vc_row][vc_column width=&#8221;1\/4&#8243;][vc_single_image image=&#8221;2660&#8243; img_size=&#8221;full&#8221; alignment=&#8221;center&#8221; onclick=&#8221;custom_link&#8221; link=&#8221;https:\/\/www.natura-tec.com\/&#8221;][\/vc_column][vc_column width=&#8221;3\/4&#8243;][vc_column_text css_animation=&#8221;bounceInRight&#8221;]CERATEC \u00e8 un&#8217;azienda internazionale leader nella produzione di esteri, oli naturali raffinati, materie prime cosmetiche, biocarburanti avanzati e microalghe. CERACTEC si \u00e8 evoluta nel corso degli anni espandendo le sue attivit\u00e0 dalla produzione originale di burri e cere naturali e vegetali allo sviluppo, produzione e commercializzazione di un&#8217;ampia gamma di materiali speciali. In LIFE-BioLubridge,<\/p>\n<p>CERATEC progetter\u00e0, realizzer\u00e0, installer\u00e0 e gestir\u00e0 la parte dell&#8217;impianto pilota dedicata alla conversione dei lipidi in biolubrificanti (esteri del 2-etilesanolo).[\/vc_column_text][vc_separator color=&#8221;custom&#8221; align=&#8221;align_left&#8221; border_width=&#8221;2&#8243; el_width=&#8221;10&#8243; accent_color=&#8221;#5cad00&#8243;][\/vc_column][\/vc_row][vc_row][vc_column width=&#8221;1\/4&#8243;][vc_single_image image=&#8221;2668&#8243; img_size=&#8221;full&#8221; alignment=&#8221;center&#8221; onclick=&#8221;custom_link&#8221; link=&#8221;http:\/\/www.springoil.it\/&#8221;][\/vc_column][vc_column width=&#8221;3\/4&#8243;][vc_column_text css_animation=&#8221;bounceInRight&#8221;]FIOCHEM \u00e8 un&#8217;azienda chimica con esperienza nella progettazione e produzione di specialit\u00e0 lubrificanti per applicazioni industriali e automobilistiche. In BioLubridge, FIOCHEM sar\u00e0 incaricato di testare i biolubrificanti ottenuti dall&#8217;impianto pilota per trovarne un&#8217;applicazione e uno sfruttamento diretti.[\/vc_column_text][vc_separator color=&#8221;custom&#8221; align=&#8221;align_left&#8221; border_width=&#8221;2&#8243; el_width=&#8221;10&#8243; accent_color=&#8221;#5cad00&#8243;][\/vc_column][\/vc_row][vc_row][vc_column width=&#8221;1\/4&#8243;][vc_single_image image=&#8221;3131&#8243; img_size=&#8221;full&#8221; alignment=&#8221;center&#8221; onclick=&#8221;custom_link&#8221; link=&#8221;https:\/\/www.fratelliparodi.it\/&#8221;][\/vc_column][vc_column width=&#8221;3\/4&#8243;][vc_column_text css_animation=&#8221;bounceInRight&#8221;]A&amp;A Fratelli Parodi \u00e8 un&#8217;azienda leader nella produzione di prodotti a base vegetale che trovano applicazione nel campo cosmetico e industriale. In LIFE BioLubridge gestir\u00e0 la progettazione e la realizzazione della parte di impianto pilota dedicata alla conversione dei lipidi in biolubrificanti.[\/vc_column_text][vc_separator color=&#8221;custom&#8221; align=&#8221;align_left&#8221; border_width=&#8221;2&#8243; el_width=&#8221;10&#8243; accent_color=&#8221;#5cad00&#8243;][\/vc_column][\/vc_row][vc_row bg_type=&#8221;bg_color&#8221; bg_override=&#8221;full&#8221; bg_color_value=&#8221;#5cad00&#8243;][vc_column width=&#8221;1\/2&#8243;][vc_column_text]<\/p>\n<h2><span style=\"color: #ffffff;\">DETTAGLI DEL PROGETTO<\/span><\/h2>\n<p><span style=\"color: #ffffff;\"><strong>TITOLO DEL PROGETTO:<\/strong> Biolubrificanti da fanghi di depurazione urbani<\/span><br \/>\n<span style=\"color: #ffffff;\"><strong>ACRONIMO:<\/strong> LIFE BioLubridge<\/span><br \/>\n<span style=\"color: #ffffff;\"><strong>SETTORE:<\/strong> Waste<\/span><br \/>\n<span style=\"color: #ffffff;\"><strong>DATA D\u2019INIZIO:<\/strong> 01\/09\/2021<\/span><br \/>\n<span style=\"color: #ffffff;\"><strong>DATA DI FINE:<\/strong> 30\/11\/2025<\/span><br \/>\n<span style=\"color: #ffffff;\"><strong>CONTRIBUTO UE:<\/strong> 1,352,049 Euro<\/span>[\/vc_column_text][\/vc_column][vc_column width=&#8221;1\/2&#8243;][vc_single_image image=&#8221;18&#8243; alignment=&#8221;center&#8221; onclick=&#8221;custom_link&#8221; link=&#8221;https:\/\/cinea.ec.europa.eu\/life_en&#8221;][vc_column_text]<\/p>\n<p style=\"text-align: center;\"><span style=\"color: #ffffff;\"><em>With the contribution of the LIFE Programme of the European Union.<\/em><\/span><br \/>\n<span style=\"color: #ffffff;\"><em>LIFE20 ENV\/IT\/000452<\/em><\/span><\/p>\n<p>[\/vc_column_text][\/vc_column][\/vc_row]<\/p>\n<\/div>","protected":false},"excerpt":{"rendered":"<p>[vc_row full_height=&#8221;yes&#8221; equal_height=&#8221;yes&#8221; content_placement=&#8221;middle&#8221; el_id=&#8221;Progetto&#8221;][vc_column css=&#8221;.vc_custom_1647527619163{background-color: rgba(255,255,255,0.01) !important;*background-color: rgb(255,255,255) !important;}&#8221;][\/vc_column][\/vc_row][vc_row][vc_column][vc_empty_space][vc_column_text] Tutti i partner contribuiscono attivamente al progetto, assicurando il flusso di idee e risultati dei progetti alla comunit\u00e0 pi\u00f9 ampia [\/vc_column_text][vc_separator color=&#8221;custom&#8221; border_width=&#8221;2&#8243; el_width=&#8221;10&#8243; accent_color=&#8221;#5cad00&#8243;][\/vc_column][\/vc_row][vc_row][vc_column width=&#8221;1\/4&#8243; css=&#8221;.vc_custom_1648033508555{margin-top: 0px !important;}&#8221;][vc_custom_heading text=&#8221;Coordinatore del Progetto&#8221; font_container=&#8221;tag:h5|text_align:center|line_height:1&#8243; use_theme_fonts=&#8221;yes&#8221;][vc_single_image image=&#8221;2427&#8243; img_size=&#8221;full&#8221; alignment=&#8221;center&#8221; onclick=&#8221;custom_link&#8221; link=&#8221;http:\/\/vitoneco.com\/&#8221;][\/vc_column][vc_column width=&#8221;3\/4&#8243;][vc_empty_space][vc_empty_space][vc_column_text css_animation=&#8221;bounceInRight&#8221;]VITONE ECO ha una consolidata&hellip;<\/p>\n","protected":false},"author":2,"featured_media":2837,"parent":0,"menu_order":0,"comment_status":"closed","ping_status":"closed","template":"","meta":{"footnotes":""},"class_list":["post-2891","page","type-page","status-publish","has-post-thumbnail","hentry","description-off"],"yoast_head":"<!-- This site is optimized with the Yoast SEO plugin v27.4 - https:\/\/yoast.com\/product\/yoast-seo-wordpress\/ -->\n<title>Team - Life Biolubridge<\/title>\n<meta name=\"robots\" content=\"index, follow, max-snippet:-1, max-image-preview:large, max-video-preview:-1\" \/>\n<link rel=\"canonical\" href=\"https:\/\/www.life-biolubridge.eu\/it\/team\/\" \/>\n<meta property=\"og:locale\" content=\"it_IT\" \/>\n<meta property=\"og:type\" content=\"article\" \/>\n<meta property=\"og:title\" content=\"Team - Life Biolubridge\" \/>\n<meta property=\"og:description\" content=\"[vc_row full_height=&#8221;yes&#8221; equal_height=&#8221;yes&#8221; content_placement=&#8221;middle&#8221; el_id=&#8221;Progetto&#8221;][vc_column css=&#8221;.vc_custom_1647527619163{background-color: rgba(255,255,255,0.01) !important;*background-color: rgb(255,255,255) !important;}&#8221;][\/vc_column][\/vc_row][vc_row][vc_column][vc_empty_space][vc_column_text] Tutti i partner contribuiscono attivamente al progetto, assicurando il flusso di idee e risultati dei progetti alla comunit\u00e0 pi\u00f9 ampia [\/vc_column_text][vc_separator color=&#8221;custom&#8221; border_width=&#8221;2&#8243; el_width=&#8221;10&#8243; accent_color=&#8221;#5cad00&#8243;][\/vc_column][\/vc_row][vc_row][vc_column width=&#8221;1\/4&#8243; css=&#8221;.vc_custom_1648033508555{margin-top: 0px !important;}&#8221;][vc_custom_heading text=&#8221;Coordinatore del Progetto&#8221; font_container=&#8221;tag:h5|text_align:center|line_height:1&#8243; use_theme_fonts=&#8221;yes&#8221;][vc_single_image image=&#8221;2427&#8243; img_size=&#8221;full&#8221; alignment=&#8221;center&#8221; onclick=&#8221;custom_link&#8221; link=&#8221;http:\/\/vitoneco.com\/&#8221;][\/vc_column][vc_column width=&#8221;3\/4&#8243;][vc_empty_space][vc_empty_space][vc_column_text css_animation=&#8221;bounceInRight&#8221;]VITONE ECO ha una consolidata&hellip;\" \/>\n<meta property=\"og:url\" content=\"https:\/\/www.life-biolubridge.eu\/it\/team\/\" \/>\n<meta property=\"og:site_name\" content=\"Life Biolubridge\" \/>\n<meta property=\"article:publisher\" content=\"https:\/\/www.facebook.com\/lifebiolubridge\" \/>\n<meta property=\"article:modified_time\" content=\"2026-03-13T11:07:03+00:00\" \/>\n<meta property=\"og:image\" content=\"https:\/\/www.life-biolubridge.eu\/wp-content\/uploads\/2022\/03\/LIFE-BioLubridge-Project-1.jpg\" \/>\n\t<meta property=\"og:image:width\" content=\"1920\" \/>\n\t<meta property=\"og:image:height\" content=\"1275\" \/>\n\t<meta property=\"og:image:type\" content=\"image\/jpeg\" \/>\n<meta name=\"twitter:card\" content=\"summary_large_image\" \/>\n<meta name=\"twitter:label1\" content=\"Tempo di lettura stimato\" \/>\n\t<meta name=\"twitter:data1\" content=\"3 minuti\" \/>\n<script type=\"application\/ld+json\" class=\"yoast-schema-graph\">{\"@context\":\"https:\\\/\\\/schema.org\",\"@graph\":[{\"@type\":\"WebPage\",\"@id\":\"https:\\\/\\\/www.life-biolubridge.eu\\\/it\\\/team\\\/\",\"url\":\"https:\\\/\\\/www.life-biolubridge.eu\\\/it\\\/team\\\/\",\"name\":\"Team - Life Biolubridge\",\"isPartOf\":{\"@id\":\"https:\\\/\\\/www.life-biolubridge.eu\\\/it\\\/#website\"},\"primaryImageOfPage\":{\"@id\":\"https:\\\/\\\/www.life-biolubridge.eu\\\/it\\\/team\\\/#primaryimage\"},\"image\":{\"@id\":\"https:\\\/\\\/www.life-biolubridge.eu\\\/it\\\/team\\\/#primaryimage\"},\"thumbnailUrl\":\"https:\\\/\\\/www.life-biolubridge.eu\\\/wp-content\\\/uploads\\\/2022\\\/03\\\/LIFE-BioLubridge-Project-1.jpg\",\"datePublished\":\"2022-03-21T16:07:31+00:00\",\"dateModified\":\"2026-03-13T11:07:03+00:00\",\"breadcrumb\":{\"@id\":\"https:\\\/\\\/www.life-biolubridge.eu\\\/it\\\/team\\\/#breadcrumb\"},\"inLanguage\":\"it-IT\",\"potentialAction\":[{\"@type\":\"ReadAction\",\"target\":[\"https:\\\/\\\/www.life-biolubridge.eu\\\/it\\\/team\\\/\"]}]},{\"@type\":\"ImageObject\",\"inLanguage\":\"it-IT\",\"@id\":\"https:\\\/\\\/www.life-biolubridge.eu\\\/it\\\/team\\\/#primaryimage\",\"url\":\"https:\\\/\\\/www.life-biolubridge.eu\\\/wp-content\\\/uploads\\\/2022\\\/03\\\/LIFE-BioLubridge-Project-1.jpg\",\"contentUrl\":\"https:\\\/\\\/www.life-biolubridge.eu\\\/wp-content\\\/uploads\\\/2022\\\/03\\\/LIFE-BioLubridge-Project-1.jpg\",\"width\":1920,\"height\":1275},{\"@type\":\"BreadcrumbList\",\"@id\":\"https:\\\/\\\/www.life-biolubridge.eu\\\/it\\\/team\\\/#breadcrumb\",\"itemListElement\":[{\"@type\":\"ListItem\",\"position\":1,\"name\":\"Home\",\"item\":\"https:\\\/\\\/www.life-biolubridge.eu\\\/it\\\/\"},{\"@type\":\"ListItem\",\"position\":2,\"name\":\"Team\"}]},{\"@type\":\"WebSite\",\"@id\":\"https:\\\/\\\/www.life-biolubridge.eu\\\/it\\\/#website\",\"url\":\"https:\\\/\\\/www.life-biolubridge.eu\\\/it\\\/\",\"name\":\"Life Biolubridge\",\"description\":\"Biolubricants from urban sewage sludge\",\"potentialAction\":[{\"@type\":\"SearchAction\",\"target\":{\"@type\":\"EntryPoint\",\"urlTemplate\":\"https:\\\/\\\/www.life-biolubridge.eu\\\/it\\\/?s={search_term_string}\"},\"query-input\":{\"@type\":\"PropertyValueSpecification\",\"valueRequired\":true,\"valueName\":\"search_term_string\"}}],\"inLanguage\":\"it-IT\"}]}<\/script>\n<!-- \/ Yoast SEO plugin. -->","yoast_head_json":{"title":"Team - Life Biolubridge","robots":{"index":"index","follow":"follow","max-snippet":"max-snippet:-1","max-image-preview":"max-image-preview:large","max-video-preview":"max-video-preview:-1"},"canonical":"https:\/\/www.life-biolubridge.eu\/it\/team\/","og_locale":"it_IT","og_type":"article","og_title":"Team - Life Biolubridge","og_description":"[vc_row full_height=&#8221;yes&#8221; equal_height=&#8221;yes&#8221; content_placement=&#8221;middle&#8221; el_id=&#8221;Progetto&#8221;][vc_column css=&#8221;.vc_custom_1647527619163{background-color: rgba(255,255,255,0.01) !important;*background-color: rgb(255,255,255) !important;}&#8221;][\/vc_column][\/vc_row][vc_row][vc_column][vc_empty_space][vc_column_text] Tutti i partner contribuiscono attivamente al progetto, assicurando il flusso di idee e risultati dei progetti alla comunit\u00e0 pi\u00f9 ampia [\/vc_column_text][vc_separator color=&#8221;custom&#8221; border_width=&#8221;2&#8243; el_width=&#8221;10&#8243; accent_color=&#8221;#5cad00&#8243;][\/vc_column][\/vc_row][vc_row][vc_column width=&#8221;1\/4&#8243; css=&#8221;.vc_custom_1648033508555{margin-top: 0px !important;}&#8221;][vc_custom_heading text=&#8221;Coordinatore del Progetto&#8221; font_container=&#8221;tag:h5|text_align:center|line_height:1&#8243; use_theme_fonts=&#8221;yes&#8221;][vc_single_image image=&#8221;2427&#8243; img_size=&#8221;full&#8221; alignment=&#8221;center&#8221; onclick=&#8221;custom_link&#8221; link=&#8221;http:\/\/vitoneco.com\/&#8221;][\/vc_column][vc_column width=&#8221;3\/4&#8243;][vc_empty_space][vc_empty_space][vc_column_text css_animation=&#8221;bounceInRight&#8221;]VITONE ECO ha una consolidata&hellip;","og_url":"https:\/\/www.life-biolubridge.eu\/it\/team\/","og_site_name":"Life Biolubridge","article_publisher":"https:\/\/www.facebook.com\/lifebiolubridge","article_modified_time":"2026-03-13T11:07:03+00:00","og_image":[{"width":1920,"height":1275,"url":"https:\/\/www.life-biolubridge.eu\/wp-content\/uploads\/2022\/03\/LIFE-BioLubridge-Project-1.jpg","type":"image\/jpeg"}],"twitter_card":"summary_large_image","twitter_misc":{"Tempo di lettura stimato":"3 minuti"},"schema":{"@context":"https:\/\/schema.org","@graph":[{"@type":"WebPage","@id":"https:\/\/www.life-biolubridge.eu\/it\/team\/","url":"https:\/\/www.life-biolubridge.eu\/it\/team\/","name":"Team - Life Biolubridge","isPartOf":{"@id":"https:\/\/www.life-biolubridge.eu\/it\/#website"},"primaryImageOfPage":{"@id":"https:\/\/www.life-biolubridge.eu\/it\/team\/#primaryimage"},"image":{"@id":"https:\/\/www.life-biolubridge.eu\/it\/team\/#primaryimage"},"thumbnailUrl":"https:\/\/www.life-biolubridge.eu\/wp-content\/uploads\/2022\/03\/LIFE-BioLubridge-Project-1.jpg","datePublished":"2022-03-21T16:07:31+00:00","dateModified":"2026-03-13T11:07:03+00:00","breadcrumb":{"@id":"https:\/\/www.life-biolubridge.eu\/it\/team\/#breadcrumb"},"inLanguage":"it-IT","potentialAction":[{"@type":"ReadAction","target":["https:\/\/www.life-biolubridge.eu\/it\/team\/"]}]},{"@type":"ImageObject","inLanguage":"it-IT","@id":"https:\/\/www.life-biolubridge.eu\/it\/team\/#primaryimage","url":"https:\/\/www.life-biolubridge.eu\/wp-content\/uploads\/2022\/03\/LIFE-BioLubridge-Project-1.jpg","contentUrl":"https:\/\/www.life-biolubridge.eu\/wp-content\/uploads\/2022\/03\/LIFE-BioLubridge-Project-1.jpg","width":1920,"height":1275},{"@type":"BreadcrumbList","@id":"https:\/\/www.life-biolubridge.eu\/it\/team\/#breadcrumb","itemListElement":[{"@type":"ListItem","position":1,"name":"Home","item":"https:\/\/www.life-biolubridge.eu\/it\/"},{"@type":"ListItem","position":2,"name":"Team"}]},{"@type":"WebSite","@id":"https:\/\/www.life-biolubridge.eu\/it\/#website","url":"https:\/\/www.life-biolubridge.eu\/it\/","name":"Life Biolubridge","description":"Biolubricants from urban sewage sludge","potentialAction":[{"@type":"SearchAction","target":{"@type":"EntryPoint","urlTemplate":"https:\/\/www.life-biolubridge.eu\/it\/?s={search_term_string}"},"query-input":{"@type":"PropertyValueSpecification","valueRequired":true,"valueName":"search_term_string"}}],"inLanguage":"it-IT"}]}},"_links":{"self":[{"href":"https:\/\/www.life-biolubridge.eu\/it\/wp-json\/wp\/v2\/pages\/2891","targetHints":{"allow":["GET"]}}],"collection":[{"href":"https:\/\/www.life-biolubridge.eu\/it\/wp-json\/wp\/v2\/pages"}],"about":[{"href":"https:\/\/www.life-biolubridge.eu\/it\/wp-json\/wp\/v2\/types\/page"}],"author":[{"embeddable":true,"href":"https:\/\/www.life-biolubridge.eu\/it\/wp-json\/wp\/v2\/users\/2"}],"replies":[{"embeddable":true,"href":"https:\/\/www.life-biolubridge.eu\/it\/wp-json\/wp\/v2\/comments?post=2891"}],"version-history":[{"count":10,"href":"https:\/\/www.life-biolubridge.eu\/it\/wp-json\/wp\/v2\/pages\/2891\/revisions"}],"predecessor-version":[{"id":3629,"href":"https:\/\/www.life-biolubridge.eu\/it\/wp-json\/wp\/v2\/pages\/2891\/revisions\/3629"}],"wp:featuredmedia":[{"embeddable":true,"href":"https:\/\/www.life-biolubridge.eu\/it\/wp-json\/wp\/v2\/media\/2837"}],"wp:attachment":[{"href":"https:\/\/www.life-biolubridge.eu\/it\/wp-json\/wp\/v2\/media?parent=2891"}],"curies":[{"name":"wp","href":"https:\/\/api.w.org\/{rel}","templated":true}]}}